{"id":247348,"date":"2020-12-03T14:08:02","date_gmt":"2020-12-03T13:08:02","guid":{"rendered":"https:\/\/www.aswakdelivery.com\/rabat\/produit\/corn-flakes-classic-1-kg-obst\/"},"modified":"2024-08-28T06:56:10","modified_gmt":"2024-08-28T05:56:10","slug":"corn-flakes-classic-1-kg-obst","status":"publish","type":"product","link":"https:\/\/www.aswakdelivery.com\/rabat\/produit\/corn-flakes-classic-1-kg-obst\/","title":{"rendered":"CORN FLAKES CLASSIC 1 KG OBST"},"content":{"rendered":"<p>Valeurs nutritionnelles pour 100 g:nn\u00c9nergie                        Graisse    c&#8217;est satur\u00e9   Les glucides       dont les sucres      Fibre        Prot\u00e9ine        Seln1607 kJ \/ 379 kcal      1,6 g        0,24 g            81,3 g                  8,6 g                         3,0 g         8,3 g             1,85 g<\/p>\n","protected":false},"excerpt":{"rendered":"<p>Valeurs nutritionnelles pour 100 g:nn\u00c9nergie Graisse c&#8217;est satur\u00e9 Les glucides dont les sucres Fibre Prot\u00e9ine Seln1607 kJ \/ 379 kcal 1,6 g 0,24 g 81,3 g 8,6 g 3,0 g 8,3 g 1,85 g<\/p>\n","protected":false},"featured_media":1615720,"comment_status":"open","ping_status":"open","template":"","meta":{"_themeisle_gutenberg_block_has_review":false},"product_brand":[],"product_cat":[1460,8766],"product_tag":[],"class_list":{"0":"post-247348","1":"product","2":"type-product","3":"status-publish","4":"has-post-thumbnail","6":"product_cat-biscuiterie-confiserie","7":"product_cat-petit-dejeuner","8":"pa_ean1-4391","10":"first","11":"outofstock","12":"taxable","13":"shipping-taxable","14":"purchasable","15":"product-type-simple"},"_links":{"self":[{"href":"https:\/\/www.aswakdelivery.com\/rabat\/wp-json\/wp\/v2\/product\/247348","targetHints":{"allow":["GET"]}}],"collection":[{"href":"https:\/\/www.aswakdelivery.com\/rabat\/wp-json\/wp\/v2\/product"}],"about":[{"href":"https:\/\/www.aswakdelivery.com\/rabat\/wp-json\/wp\/v2\/types\/product"}],"replies":[{"embeddable":true,"href":"https:\/\/www.aswakdelivery.com\/rabat\/wp-json\/wp\/v2\/comments?post=247348"}],"wp:featuredmedia":[{"embeddable":true,"href":"https:\/\/www.aswakdelivery.com\/rabat\/wp-json\/wp\/v2\/media\/1615720"}],"wp:attachment":[{"href":"https:\/\/www.aswakdelivery.com\/rabat\/wp-json\/wp\/v2\/media?parent=247348"}],"wp:term":[{"taxonomy":"product_brand","embeddable":true,"href":"https:\/\/www.aswakdelivery.com\/rabat\/wp-json\/wp\/v2\/product_brand?post=247348"},{"taxonomy":"product_cat","embeddable":true,"href":"https:\/\/www.aswakdelivery.com\/rabat\/wp-json\/wp\/v2\/product_cat?post=247348"},{"taxonomy":"product_tag","embeddable":true,"href":"https:\/\/www.aswakdelivery.com\/rabat\/wp-json\/wp\/v2\/product_tag?post=247348"}],"curies":[{"name":"wp","href":"https:\/\/api.w.org\/{rel}","templated":true}]}}