{"id":82782,"date":"2020-04-29T16:23:53","date_gmt":"2020-04-29T16:23:53","guid":{"rendered":"https:\/\/www.aswakdelivery.com\/casablanca\/produit\/luncheon-de-boeuf-600g-jayda\/"},"modified":"2026-05-03T05:56:57","modified_gmt":"2026-05-03T04:56:57","slug":"luncheon-de-boeuf-600g-jayda","status":"publish","type":"product","link":"https:\/\/www.aswakdelivery.com\/casablanca\/produit\/luncheon-de-boeuf-600g-jayda\/","title":{"rendered":"LUNCHEON DE BOEUF 600G JAYDA"},"content":{"rendered":"<p>Viande de beouf, gras de beouf, viande de dinde, eau, amidon de mais, lactate de soduim, sel nitrit\u00e9 (sel +0,6%, nitrite de soduim E250), \u00e9pices, substances antioxydantes, stabilisant, exhausteur de go\u00fbt, colorant alimentaire E120<\/p>\n","protected":false},"excerpt":{"rendered":"<p>Viande de beouf, gras de beouf, viande de dinde, eau, amidon de mais, lactate de soduim, sel nitrit\u00e9 (sel +0,6%, nitrite de soduim E250), \u00e9pices, substances antioxydantes, stabilisant, exhausteur de go\u00fbt, colorant alimentaire E120<\/p>\n","protected":false},"featured_media":5669680,"comment_status":"open","ping_status":"open","template":"","meta":{"_themeisle_gutenberg_block_has_review":false},"product_brand":[],"product_cat":[1616,1631],"product_tag":[903],"class_list":{"0":"post-82782","1":"product","2":"type-product","3":"status-publish","4":"has-post-thumbnail","6":"product_cat-charcuterie-traiteur","7":"product_cat-charcuterie-a-base-de-viande","8":"product_tag-luncheon-de-boeuf","9":"pa_ean1-8140","10":"pa_ean2-4099","12":"first","13":"instock","14":"taxable","15":"shipping-taxable","16":"purchasable","17":"product-type-simple"},"jetpack_sharing_enabled":true,"_links":{"self":[{"href":"https:\/\/www.aswakdelivery.com\/casablanca\/wp-json\/wp\/v2\/product\/82782","targetHints":{"allow":["GET"]}}],"collection":[{"href":"https:\/\/www.aswakdelivery.com\/casablanca\/wp-json\/wp\/v2\/product"}],"about":[{"href":"https:\/\/www.aswakdelivery.com\/casablanca\/wp-json\/wp\/v2\/types\/product"}],"replies":[{"embeddable":true,"href":"https:\/\/www.aswakdelivery.com\/casablanca\/wp-json\/wp\/v2\/comments?post=82782"}],"wp:featuredmedia":[{"embeddable":true,"href":"https:\/\/www.aswakdelivery.com\/casablanca\/wp-json\/wp\/v2\/media\/5669680"}],"wp:attachment":[{"href":"https:\/\/www.aswakdelivery.com\/casablanca\/wp-json\/wp\/v2\/media?parent=82782"}],"wp:term":[{"taxonomy":"product_brand","embeddable":true,"href":"https:\/\/www.aswakdelivery.com\/casablanca\/wp-json\/wp\/v2\/product_brand?post=82782"},{"taxonomy":"product_cat","embeddable":true,"href":"https:\/\/www.aswakdelivery.com\/casablanca\/wp-json\/wp\/v2\/product_cat?post=82782"},{"taxonomy":"product_tag","embeddable":true,"href":"https:\/\/www.aswakdelivery.com\/casablanca\/wp-json\/wp\/v2\/product_tag?post=82782"}],"curies":[{"name":"wp","href":"https:\/\/api.w.org\/{rel}","templated":true}]}}