{"id":82552,"date":"2020-04-29T16:20:59","date_gmt":"2020-04-29T16:20:59","guid":{"rendered":"https:\/\/www.aswakdelivery.com\/casablanca\/produit\/creme-cuisson-50cl-ellevire\/"},"modified":"2026-05-03T05:54:51","modified_gmt":"2026-05-03T04:54:51","slug":"creme-cuisson-50cl-ellevire","status":"publish","type":"product","link":"https:\/\/www.aswakdelivery.com\/casablanca\/produit\/creme-cuisson-50cl-ellevire\/","title":{"rendered":"CREME CUISSON 50CL ELLE&amp;VIRE"},"content":{"rendered":"<p>Les valeurs nutritionnelles pour 100 gn\u00c9nergie: 1389 kJ (337 kcal)nMati\u00e8res Grasses: 35 gn    dont acides gras satur\u00e9s: 22.2 gnGlucides : 3.3 gn    dont sucres 3.3 gnFibres Alimentaires   gnProt\u00e9ines   2.2 gnsel   0.09 g<\/p>\n","protected":false},"excerpt":{"rendered":"<p>Les valeurs nutritionnelles pour 100 gn\u00c9nergie: 1389 kJ (337 kcal)nMati\u00e8res Grasses: 35 gn dont acides gras satur\u00e9s: 22.2 gnGlucides : 3.3 gn dont sucres 3.3 gnFibres Alimentaires gnProt\u00e9ines 2.2 gnsel 0.09 g<\/p>\n","protected":false},"featured_media":5669465,"comment_status":"open","ping_status":"open","template":"","meta":{"_themeisle_gutenberg_block_has_review":false},"product_brand":[],"product_cat":[30,1609],"product_tag":[],"class_list":{"0":"post-82552","1":"product","2":"type-product","3":"status-publish","4":"has-post-thumbnail","6":"product_cat-cremerie","7":"product_cat-cremes-aides-culinaires","8":"pa_ean1-3847","10":"first","11":"instock","12":"taxable","13":"shipping-taxable","14":"purchasable","15":"product-type-simple"},"jetpack_sharing_enabled":true,"_links":{"self":[{"href":"https:\/\/www.aswakdelivery.com\/casablanca\/wp-json\/wp\/v2\/product\/82552","targetHints":{"allow":["GET"]}}],"collection":[{"href":"https:\/\/www.aswakdelivery.com\/casablanca\/wp-json\/wp\/v2\/product"}],"about":[{"href":"https:\/\/www.aswakdelivery.com\/casablanca\/wp-json\/wp\/v2\/types\/product"}],"replies":[{"embeddable":true,"href":"https:\/\/www.aswakdelivery.com\/casablanca\/wp-json\/wp\/v2\/comments?post=82552"}],"wp:featuredmedia":[{"embeddable":true,"href":"https:\/\/www.aswakdelivery.com\/casablanca\/wp-json\/wp\/v2\/media\/5669465"}],"wp:attachment":[{"href":"https:\/\/www.aswakdelivery.com\/casablanca\/wp-json\/wp\/v2\/media?parent=82552"}],"wp:term":[{"taxonomy":"product_brand","embeddable":true,"href":"https:\/\/www.aswakdelivery.com\/casablanca\/wp-json\/wp\/v2\/product_brand?post=82552"},{"taxonomy":"product_cat","embeddable":true,"href":"https:\/\/www.aswakdelivery.com\/casablanca\/wp-json\/wp\/v2\/product_cat?post=82552"},{"taxonomy":"product_tag","embeddable":true,"href":"https:\/\/www.aswakdelivery.com\/casablanca\/wp-json\/wp\/v2\/product_tag?post=82552"}],"curies":[{"name":"wp","href":"https:\/\/api.w.org\/{rel}","templated":true}]}}